{"id":61,"date":"2025-09-17T11:29:42","date_gmt":"2025-09-17T09:29:42","guid":{"rendered":"https:\/\/tudemo.maxminterm.com\/?page_id=61"},"modified":"2025-10-29T08:53:20","modified_gmt":"2025-10-29T07:53:20","slug":"about-me","status":"publish","type":"page","link":"http:\/\/alecs.com.es\/es\/about-me\/","title":{"rendered":"About me"},"content":{"rendered":"<div class=\"wp-block-columns is-layout-flex wp-container-core-columns-is-layout-701c2d95 wp-block-columns-is-layout-flex\" style=\"padding-top:var(--wp--preset--spacing--80);padding-bottom:var(--wp--preset--spacing--80)\">\n<div class=\"wp-block-column is-layout-flow wp-block-column-is-layout-flow\" style=\"flex-basis:10%\"><\/div>\n\n\n\n<div class=\"wp-block-column is-layout-flow wp-block-column-is-layout-flow\" style=\"flex-basis:80%\">\n<div class=\"wp-block-media-text is-stacked-on-mobile\" style=\"grid-template-columns:30% auto\"><figure class=\"wp-block-media-text__media\"><img loading=\"lazy\" decoding=\"async\" width=\"640\" height=\"480\" src=\"https:\/\/alecs.com.es\/wp-content\/uploads\/2025\/09\/unnamed.jpg\" alt=\"me\" class=\"wp-image-120 size-full\" srcset=\"https:\/\/alecs.com.es\/wp-content\/uploads\/2025\/09\/unnamed.jpg 640w, https:\/\/alecs.com.es\/wp-content\/uploads\/2025\/09\/unnamed-300x225.jpg 300w, https:\/\/alecs.com.es\/wp-content\/uploads\/2025\/09\/unnamed-16x12.jpg 16w\" sizes=\"auto, (max-width: 640px) 100vw, 640px\" \/><\/figure><div class=\"wp-block-media-text__content\">\n<p><\/p>\n\n\n\n<p class=\"has-text-color has-link-color has-abel-font-family has-large-font-size wp-elements-554988745df0503e4f8c0d942759a28c\" style=\"color:#2d516b;font-style:normal;font-weight:700;letter-spacing:1px\"><small><strong>Alex C\u00e9spedes C\u00edvico<\/strong><\/small><\/p>\n\n\n\n<p class=\"has-text-color has-link-color has-abel-font-family has-medium-font-size wp-elements-aadaf8f047780cad6ce2cf1de23d519d\" style=\"color:#2d516b;letter-spacing:1px\"><small>n.&nbsp;b.&nbsp;Enero\/January&nbsp;1980, Barcelona<\/small><\/p>\n\n\n\n<p class=\"has-text-color has-link-color has-abel-font-family has-upper-heading-font-size wp-elements-f25a1b88e1dcb8f99410d17dc4f5fcd0\" style=\"color:#2d516b;margin-right:0;margin-left:0;padding-right:10rem;letter-spacing:1px\"><small>Apasionado por las Artes Visuales, el Dise\u00f1o y la Multimedia, adem\u00e1s me encantan las Artes Tradicionales. Licenciado en Dise\u00f1o de Moda y Sistemas Inform\u00e1ticos. Postgraduado en Ilustraci\u00f3n, Arte Conceptual y 3D.<\/small><\/p>\n\n\n\n<div class=\"wp-block-group is-content-justification-left is-nowrap is-layout-flex wp-container-core-group-is-layout-56a17a74 wp-block-group-is-layout-flex\">\n<ul class=\"wp-block-social-links has-normal-icon-size has-icon-color has-icon-background-color is-style-default is-nowrap is-layout-flex wp-container-core-social-links-is-layout-14a72479 wp-block-social-links-is-layout-flex\" style=\"margin-top:var(--wp--preset--spacing--50);margin-bottom:var(--wp--preset--spacing--50)\"><li style=\"color: #ffffff; background-color: #2d516b; \" class=\"wp-social-link wp-social-link-instagram has-secaccent-color has-secbackground-background-color wp-block-social-link\"><a rel=\"noopener nofollow\" target=\"_blank\" href=\"https:\/\/www.instagram.com\/alecs.cespedes\/\" class=\"wp-block-social-link-anchor\"><svg width=\"24\" height=\"24\" viewbox=\"0 0 24 24\" version=\"1.1\" xmlns=\"http:\/\/www.w3.org\/2000\/svg\" aria-hidden=\"true\" focusable=\"false\"><path d=\"M12,4.622c2.403,0,2.688,0.009,3.637,0.052c0.877,0.04,1.354,0.187,1.671,0.31c0.42,0.163,0.72,0.358,1.035,0.673 c0.315,0.315,0.51,0.615,0.673,1.035c0.123,0.317,0.27,0.794,0.31,1.671c0.043,0.949,0.052,1.234,0.052,3.637 s-0.009,2.688-0.052,3.637c-0.04,0.877-0.187,1.354-0.31,1.671c-0.163,0.42-0.358,0.72-0.673,1.035 c-0.315,0.315-0.615,0.51-1.035,0.673c-0.317,0.123-0.794,0.27-1.671,0.31c-0.949,0.043-1.233,0.052-3.637,0.052 s-2.688-0.009-3.637-0.052c-0.877-0.04-1.354-0.187-1.671-0.31c-0.42-0.163-0.72-0.358-1.035-0.673 c-0.315-0.315-0.51-0.615-0.673-1.035c-0.123-0.317-0.27-0.794-0.31-1.671C4.631,14.688,4.622,14.403,4.622,12 s0.009-2.688,0.052-3.637c0.04-0.877,0.187-1.354,0.31-1.671c0.163-0.42,0.358-0.72,0.673-1.035 c0.315-0.315,0.615-0.51,1.035-0.673c0.317-0.123,0.794-0.27,1.671-0.31C9.312,4.631,9.597,4.622,12,4.622 M12,3 C9.556,3,9.249,3.01,8.289,3.054C7.331,3.098,6.677,3.25,6.105,3.472C5.513,3.702,5.011,4.01,4.511,4.511 c-0.5,0.5-0.808,1.002-1.038,1.594C3.25,6.677,3.098,7.331,3.054,8.289C3.01,9.249,3,9.556,3,12c0,2.444,0.01,2.751,0.054,3.711 c0.044,0.958,0.196,1.612,0.418,2.185c0.23,0.592,0.538,1.094,1.038,1.594c0.5,0.5,1.002,0.808,1.594,1.038 c0.572,0.222,1.227,0.375,2.185,0.418C9.249,20.99,9.556,21,12,21s2.751-0.01,3.711-0.054c0.958-0.044,1.612-0.196,2.185-0.418 c0.592-0.23,1.094-0.538,1.594-1.038c0.5-0.5,0.808-1.002,1.038-1.594c0.222-0.572,0.375-1.227,0.418-2.185 C20.99,14.751,21,14.444,21,12s-0.01-2.751-0.054-3.711c-0.044-0.958-0.196-1.612-0.418-2.185c-0.23-0.592-0.538-1.094-1.038-1.594 c-0.5-0.5-1.002-0.808-1.594-1.038c-0.572-0.222-1.227-0.375-2.185-0.418C14.751,3.01,14.444,3,12,3L12,3z M12,7.378 c-2.552,0-4.622,2.069-4.622,4.622S9.448,16.622,12,16.622s4.622-2.069,4.622-4.622S14.552,7.378,12,7.378z M12,15 c-1.657,0-3-1.343-3-3s1.343-3,3-3s3,1.343,3,3S13.657,15,12,15z M16.804,6.116c-0.596,0-1.08,0.484-1.08,1.08 s0.484,1.08,1.08,1.08c0.596,0,1.08-0.484,1.08-1.08S17.401,6.116,16.804,6.116z\"><\/path><\/svg><span class=\"wp-block-social-link-label screen-reader-text\">Instagram<\/span><\/a><\/li>\n\n<li style=\"color: #ffffff; background-color: #2d516b; \" class=\"wp-social-link wp-social-link-linkedin has-secaccent-color has-secbackground-background-color wp-block-social-link\"><a rel=\"noopener nofollow\" target=\"_blank\" href=\"https:\/\/linkedin.com\/in\/alejandrocespedesc\" class=\"wp-block-social-link-anchor\"><svg width=\"24\" height=\"24\" viewbox=\"0 0 24 24\" version=\"1.1\" xmlns=\"http:\/\/www.w3.org\/2000\/svg\" aria-hidden=\"true\" focusable=\"false\"><path d=\"M19.7,3H4.3C3.582,3,3,3.582,3,4.3v15.4C3,20.418,3.582,21,4.3,21h15.4c0.718,0,1.3-0.582,1.3-1.3V4.3 C21,3.582,20.418,3,19.7,3z M8.339,18.338H5.667v-8.59h2.672V18.338z M7.004,8.574c-0.857,0-1.549-0.694-1.549-1.548 c0-0.855,0.691-1.548,1.549-1.548c0.854,0,1.547,0.694,1.547,1.548C8.551,7.881,7.858,8.574,7.004,8.574z M18.339,18.338h-2.669 v-4.177c0-0.996-0.017-2.278-1.387-2.278c-1.389,0-1.601,1.086-1.601,2.206v4.249h-2.667v-8.59h2.559v1.174h0.037 c0.356-0.675,1.227-1.387,2.526-1.387c2.703,0,3.203,1.779,3.203,4.092V18.338z\"><\/path><\/svg><span class=\"wp-block-social-link-label screen-reader-text\">LinkedIn<\/span><\/a><\/li><\/ul>\n\n\n\n<div class=\"wp-block-buttons has-custom-font-size has-tiny-font-size is-content-justification-left is-nowrap is-layout-flex wp-container-core-buttons-is-layout-9a162e05 wp-block-buttons-is-layout-flex\" style=\"margin-top:-7px\">\n<div class=\"wp-block-button is-style-fill\"><a class=\"wp-block-button__link has-background has-abel-font-family has-extra-small-font-size has-custom-font-size wp-element-button\" href=\"https:\/\/alexcespedescivico.com\/\" style=\"border-radius:18px;background-color:#2d516b;padding-top:4px;padding-bottom:4px;letter-spacing:1px\" target=\"_blank\" rel=\"noreferrer noopener\">PINTURAS<\/a><\/div>\n<\/div>\n<\/div>\n<\/div><\/div>\n<\/div>\n\n\n\n<div class=\"wp-block-column is-layout-flow wp-block-column-is-layout-flow\" style=\"flex-basis:10%\"><\/div>\n<\/div>","protected":false},"excerpt":{"rendered":"<p>Alex C\u00e9spedes C\u00edvico n.&nbsp;b.&nbsp;Enero\/January&nbsp;1980, Barcelona Passionated about Visual Arts, Design &amp; Multimedia, also I love Traditional Arts.Graduated in Fashion Design [&hellip;]<\/p>","protected":false},"author":1,"featured_media":0,"parent":0,"menu_order":0,"comment_status":"closed","ping_status":"closed","template":"","meta":{"footnotes":""},"class_list":["post-61","page","type-page","status-publish","hentry"],"yoast_head":"<!-- This site is optimized with the Yoast SEO plugin v26.8 - https:\/\/yoast.com\/product\/yoast-seo-wordpress\/ -->\n<title>About me - ALEX CESPEDES<\/title>\n<meta name=\"robots\" content=\"index, follow, max-snippet:-1, max-image-preview:large, max-video-preview:-1\" \/>\n<link rel=\"canonical\" href=\"https:\/\/alecs.com.es\/es\/about-me\/\" \/>\n<meta property=\"og:locale\" content=\"es_ES\" \/>\n<meta property=\"og:type\" content=\"article\" \/>\n<meta property=\"og:title\" content=\"About me - ALEX CESPEDES\" \/>\n<meta property=\"og:description\" content=\"Alex C\u00e9spedes C\u00edvico n.&nbsp;b.&nbsp;Enero\/January&nbsp;1980, Barcelona Passionated about Visual Arts, Design &amp; Multimedia, also I love Traditional Arts.Graduated in Fashion Design [&hellip;]\" \/>\n<meta property=\"og:url\" content=\"https:\/\/alecs.com.es\/es\/about-me\/\" \/>\n<meta property=\"og:site_name\" content=\"ALEX CESPEDES\" \/>\n<meta property=\"article:modified_time\" content=\"2025-10-29T07:53:20+00:00\" \/>\n<meta property=\"og:image\" content=\"https:\/\/alecs.com.es\/wp-content\/uploads\/2025\/09\/unnamed.jpg\" \/>\n\t<meta property=\"og:image:width\" content=\"640\" \/>\n\t<meta property=\"og:image:height\" content=\"480\" \/>\n\t<meta property=\"og:image:type\" content=\"image\/jpeg\" \/>\n<meta name=\"twitter:card\" content=\"summary_large_image\" \/>\n<meta name=\"twitter:label1\" content=\"Tiempo de lectura\" \/>\n\t<meta name=\"twitter:data1\" content=\"1 minuto\" \/>\n<script type=\"application\/ld+json\" class=\"yoast-schema-graph\">{\"@context\":\"https:\/\/schema.org\",\"@graph\":[{\"@type\":\"WebPage\",\"@id\":\"https:\/\/alecs.com.es\/about-me\/\",\"url\":\"https:\/\/alecs.com.es\/about-me\/\",\"name\":\"About me - ALEX CESPEDES\",\"isPartOf\":{\"@id\":\"https:\/\/alecs.com.es\/#website\"},\"primaryImageOfPage\":{\"@id\":\"https:\/\/alecs.com.es\/about-me\/#primaryimage\"},\"image\":{\"@id\":\"https:\/\/alecs.com.es\/about-me\/#primaryimage\"},\"thumbnailUrl\":\"https:\/\/alecs.com.es\/wp-content\/uploads\/2025\/09\/unnamed.jpg\",\"datePublished\":\"2025-09-17T09:29:42+00:00\",\"dateModified\":\"2025-10-29T07:53:20+00:00\",\"breadcrumb\":{\"@id\":\"https:\/\/alecs.com.es\/about-me\/#breadcrumb\"},\"inLanguage\":\"es\",\"potentialAction\":[{\"@type\":\"ReadAction\",\"target\":[\"https:\/\/alecs.com.es\/about-me\/\"]}]},{\"@type\":\"ImageObject\",\"inLanguage\":\"es\",\"@id\":\"https:\/\/alecs.com.es\/about-me\/#primaryimage\",\"url\":\"https:\/\/alecs.com.es\/wp-content\/uploads\/2025\/09\/unnamed.jpg\",\"contentUrl\":\"https:\/\/alecs.com.es\/wp-content\/uploads\/2025\/09\/unnamed.jpg\"},{\"@type\":\"BreadcrumbList\",\"@id\":\"https:\/\/alecs.com.es\/about-me\/#breadcrumb\",\"itemListElement\":[{\"@type\":\"ListItem\",\"position\":1,\"name\":\"Home\",\"item\":\"https:\/\/alecs.com.es\/\"},{\"@type\":\"ListItem\",\"position\":2,\"name\":\"About me\"}]},{\"@type\":\"WebSite\",\"@id\":\"https:\/\/alecs.com.es\/#website\",\"url\":\"https:\/\/alecs.com.es\/\",\"name\":\"ALEX CESPEDES\",\"description\":\"Visual Arts, Design &amp; Multimedia\",\"publisher\":{\"@id\":\"https:\/\/alecs.com.es\/#organization\"},\"potentialAction\":[{\"@type\":\"SearchAction\",\"target\":{\"@type\":\"EntryPoint\",\"urlTemplate\":\"https:\/\/alecs.com.es\/?s={search_term_string}\"},\"query-input\":{\"@type\":\"PropertyValueSpecification\",\"valueRequired\":true,\"valueName\":\"search_term_string\"}}],\"inLanguage\":\"es\"},{\"@type\":\"Organization\",\"@id\":\"https:\/\/alecs.com.es\/#organization\",\"name\":\"ALEX CESPEDES\",\"url\":\"https:\/\/alecs.com.es\/\",\"logo\":{\"@type\":\"ImageObject\",\"inLanguage\":\"es\",\"@id\":\"https:\/\/alecs.com.es\/#\/schema\/logo\/image\/\",\"url\":\"https:\/\/alecs.com.es\/wp-content\/uploads\/2025\/10\/logo-alecs-2025-gris-payne.png\",\"contentUrl\":\"https:\/\/alecs.com.es\/wp-content\/uploads\/2025\/10\/logo-alecs-2025-gris-payne.png\",\"width\":2500,\"height\":667,\"caption\":\"ALEX CESPEDES\"},\"image\":{\"@id\":\"https:\/\/alecs.com.es\/#\/schema\/logo\/image\/\"},\"sameAs\":[\"https:\/\/www.instagram.com\/alecs.cespedes\/\",\"https:\/\/www.linkedin.com\/in\/alejandrocespedesc\/\"]}]}<\/script>\n<!-- \/ Yoast SEO plugin. -->","yoast_head_json":{"title":"About me - ALEX CESPEDES","robots":{"index":"index","follow":"follow","max-snippet":"max-snippet:-1","max-image-preview":"max-image-preview:large","max-video-preview":"max-video-preview:-1"},"canonical":"https:\/\/alecs.com.es\/es\/about-me\/","og_locale":"es_ES","og_type":"article","og_title":"About me - ALEX CESPEDES","og_description":"Alex C\u00e9spedes C\u00edvico n.&nbsp;b.&nbsp;Enero\/January&nbsp;1980, Barcelona Passionated about Visual Arts, Design &amp; Multimedia, also I love Traditional Arts.Graduated in Fashion Design [&hellip;]","og_url":"https:\/\/alecs.com.es\/es\/about-me\/","og_site_name":"ALEX CESPEDES","article_modified_time":"2025-10-29T07:53:20+00:00","og_image":[{"width":640,"height":480,"url":"https:\/\/alecs.com.es\/wp-content\/uploads\/2025\/09\/unnamed.jpg","type":"image\/jpeg"}],"twitter_card":"summary_large_image","twitter_misc":{"Tiempo de lectura":"1 minuto"},"schema":{"@context":"https:\/\/schema.org","@graph":[{"@type":"WebPage","@id":"https:\/\/alecs.com.es\/about-me\/","url":"https:\/\/alecs.com.es\/about-me\/","name":"About me - ALEX CESPEDES","isPartOf":{"@id":"https:\/\/alecs.com.es\/#website"},"primaryImageOfPage":{"@id":"https:\/\/alecs.com.es\/about-me\/#primaryimage"},"image":{"@id":"https:\/\/alecs.com.es\/about-me\/#primaryimage"},"thumbnailUrl":"https:\/\/alecs.com.es\/wp-content\/uploads\/2025\/09\/unnamed.jpg","datePublished":"2025-09-17T09:29:42+00:00","dateModified":"2025-10-29T07:53:20+00:00","breadcrumb":{"@id":"https:\/\/alecs.com.es\/about-me\/#breadcrumb"},"inLanguage":"es","potentialAction":[{"@type":"ReadAction","target":["https:\/\/alecs.com.es\/about-me\/"]}]},{"@type":"ImageObject","inLanguage":"es","@id":"https:\/\/alecs.com.es\/about-me\/#primaryimage","url":"https:\/\/alecs.com.es\/wp-content\/uploads\/2025\/09\/unnamed.jpg","contentUrl":"https:\/\/alecs.com.es\/wp-content\/uploads\/2025\/09\/unnamed.jpg"},{"@type":"BreadcrumbList","@id":"https:\/\/alecs.com.es\/about-me\/#breadcrumb","itemListElement":[{"@type":"ListItem","position":1,"name":"Home","item":"https:\/\/alecs.com.es\/"},{"@type":"ListItem","position":2,"name":"About me"}]},{"@type":"WebSite","@id":"https:\/\/alecs.com.es\/#website","url":"https:\/\/alecs.com.es\/","name":"ALEX CESPEDES","description":"Artes visuales, dise\u00f1o y multimedia","publisher":{"@id":"https:\/\/alecs.com.es\/#organization"},"potentialAction":[{"@type":"SearchAction","target":{"@type":"EntryPoint","urlTemplate":"https:\/\/alecs.com.es\/?s={search_term_string}"},"query-input":{"@type":"PropertyValueSpecification","valueRequired":true,"valueName":"search_term_string"}}],"inLanguage":"es"},{"@type":"Organization","@id":"https:\/\/alecs.com.es\/#organization","name":"ALEX CESPEDES","url":"https:\/\/alecs.com.es\/","logo":{"@type":"ImageObject","inLanguage":"es","@id":"https:\/\/alecs.com.es\/#\/schema\/logo\/image\/","url":"https:\/\/alecs.com.es\/wp-content\/uploads\/2025\/10\/logo-alecs-2025-gris-payne.png","contentUrl":"https:\/\/alecs.com.es\/wp-content\/uploads\/2025\/10\/logo-alecs-2025-gris-payne.png","width":2500,"height":667,"caption":"ALEX CESPEDES"},"image":{"@id":"https:\/\/alecs.com.es\/#\/schema\/logo\/image\/"},"sameAs":["https:\/\/www.instagram.com\/alecs.cespedes\/","https:\/\/www.linkedin.com\/in\/alejandrocespedesc\/"]}]}},"_links":{"self":[{"href":"http:\/\/alecs.com.es\/es\/wp-json\/wp\/v2\/pages\/61","targetHints":{"allow":["GET"]}}],"collection":[{"href":"http:\/\/alecs.com.es\/es\/wp-json\/wp\/v2\/pages"}],"about":[{"href":"http:\/\/alecs.com.es\/es\/wp-json\/wp\/v2\/types\/page"}],"author":[{"embeddable":true,"href":"http:\/\/alecs.com.es\/es\/wp-json\/wp\/v2\/users\/1"}],"replies":[{"embeddable":true,"href":"http:\/\/alecs.com.es\/es\/wp-json\/wp\/v2\/comments?post=61"}],"version-history":[{"count":57,"href":"http:\/\/alecs.com.es\/es\/wp-json\/wp\/v2\/pages\/61\/revisions"}],"predecessor-version":[{"id":1126,"href":"http:\/\/alecs.com.es\/es\/wp-json\/wp\/v2\/pages\/61\/revisions\/1126"}],"wp:attachment":[{"href":"http:\/\/alecs.com.es\/es\/wp-json\/wp\/v2\/media?parent=61"}],"curies":[{"name":"wp","href":"https:\/\/api.w.org\/{rel}","templated":true}]}}